{"id":1737,"date":"2023-04-26T08:39:56","date_gmt":"2023-04-26T07:39:56","guid":{"rendered":"https:\/\/fondation.wpdev.ch\/?post_type=product&#038;p=1737"},"modified":"2023-05-25T14:33:37","modified_gmt":"2023-05-25T12:33:37","slug":"montre-2","status":"publish","type":"product","link":"https:\/\/fondation.wpdev.ch\/en\/product\/montre-2\/","title":{"rendered":"Polo fondation"},"content":{"rendered":"<p>Polo Shirt jersey en 100% coton pima.<\/p>\n<p>Coupe classique, col et poignets en tricot plat, patte \u00e0 triple boutonnage, pieds de col renforc\u00e9s.<br \/>\nConfortable, mati\u00e8re naturelle r\u00e9gulatrice de la temp\u00e9rature du corps. Agr\u00e9able au toucher, doux en \u00e9t\u00e9 comme en hiver. Il ne se d\u00e9forme pas et il garde son aspect brillant.<\/p>","protected":false},"excerpt":{"rendered":"<p>Polo Shirt jersey en 100% coton pima.<\/p>\n<p>Coupe classique, col et poignets en tricot plat, patte \u00e0 triple boutonnage, pieds de col renforc\u00e9s.<br \/>\nConfortable, mati\u00e8re naturelle r\u00e9gulatrice de la temp\u00e9rature du corps. Agr\u00e9able au toucher, doux en \u00e9t\u00e9 comme en hiver. Il ne se d\u00e9forme pas et il garde son aspect brillant.<\/p>","protected":false},"featured_media":2022,"template":"","meta":[],"product_cat":[26],"product_tag":[],"class_list":{"0":"post-1737","1":"product","2":"type-product","3":"status-publish","4":"has-post-thumbnail","6":"product_cat-mecanique","8":"first","9":"instock","10":"purchasable","11":"product-type-variable","12":"has-default-attributes"},"_links":{"self":[{"href":"https:\/\/fondation.wpdev.ch\/en\/wp-json\/wp\/v2\/product\/1737","targetHints":{"allow":["GET"]}}],"collection":[{"href":"https:\/\/fondation.wpdev.ch\/en\/wp-json\/wp\/v2\/product"}],"about":[{"href":"https:\/\/fondation.wpdev.ch\/en\/wp-json\/wp\/v2\/types\/product"}],"wp:featuredmedia":[{"embeddable":true,"href":"https:\/\/fondation.wpdev.ch\/en\/wp-json\/wp\/v2\/media\/2022"}],"wp:attachment":[{"href":"https:\/\/fondation.wpdev.ch\/en\/wp-json\/wp\/v2\/media?parent=1737"}],"wp:term":[{"taxonomy":"product_cat","embeddable":true,"href":"https:\/\/fondation.wpdev.ch\/en\/wp-json\/wp\/v2\/product_cat?post=1737"},{"taxonomy":"product_tag","embeddable":true,"href":"https:\/\/fondation.wpdev.ch\/en\/wp-json\/wp\/v2\/product_tag?post=1737"}],"curies":[{"name":"wp","href":"https:\/\/api.w.org\/{rel}","templated":true}]}}