{"id":2718,"date":"2023-06-12T13:56:50","date_gmt":"2023-06-12T11:56:50","guid":{"rendered":"https:\/\/fondation.wpdev.ch\/?page_id=2718"},"modified":"2023-06-12T14:36:47","modified_gmt":"2023-06-12T12:36:47","slug":"espace-invite","status":"publish","type":"page","link":"https:\/\/fondation.wpdev.ch\/en\/espace-invite\/","title":{"rendered":"Espace invit\u00e9"},"content":{"rendered":"<div data-elementor-type=\"wp-page\" data-elementor-id=\"2718\" class=\"elementor elementor-2718\" data-elementor-post-type=\"page\">\n\t\t\t\t\t\t<section data-particle_enable=\"false\" data-particle-mobile-disabled=\"false\" class=\"elementor-section elementor-top-section elementor-element elementor-element-229bd26a elementor-section-full_width elementor-section-height-min-height elementor-section-height-default elementor-section-items-middle\" data-id=\"229bd26a\" data-element_type=\"section\" data-settings=\"{&quot;background_background&quot;:&quot;classic&quot;}\">\n\t\t\t\t\t\t\t<div class=\"elementor-background-overlay\"><\/div>\n\t\t\t\t\t\t\t<div class=\"elementor-container elementor-column-gap-default\">\n\t\t\t\t\t<div class=\"elementor-column elementor-col-100 elementor-top-column elementor-element elementor-element-22835d9c\" data-id=\"22835d9c\" data-element_type=\"column\">\n\t\t\t<div class=\"elementor-widget-wrap elementor-element-populated\">\n\t\t\t\t\t\t<div class=\"elementor-element elementor-element-3c8db94 elementor-widget elementor-widget-heading\" data-id=\"3c8db94\" data-element_type=\"widget\" data-widget_type=\"heading.default\">\n\t\t\t\t<div class=\"elementor-widget-container\">\n\t\t\t<style>\/*! elementor - v3.20.0 - 26-03-2024 *\/\n.elementor-heading-title{padding:0;margin:0;line-height:1}.elementor-widget-heading .elementor-heading-title[class*=elementor-size-]>a{color:inherit;font-size:inherit;line-height:inherit}.elementor-widget-heading .elementor-heading-title.elementor-size-small{font-size:15px}.elementor-widget-heading .elementor-heading-title.elementor-size-medium{font-size:19px}.elementor-widget-heading .elementor-heading-title.elementor-size-large{font-size:29px}.elementor-widget-heading .elementor-heading-title.elementor-size-xl{font-size:39px}.elementor-widget-heading .elementor-heading-title.elementor-size-xxl{font-size:59px}<\/style><h1 class=\"elementor-heading-title elementor-size-default\">Espace invit\u00e9<\/h1>\t\t<\/div>\n\t\t\t\t<\/div>\n\t\t\t\t\t<\/div>\n\t\t<\/div>\n\t\t\t\t\t<\/div>\n\t\t<\/section>\n\t\t\t\t<section data-particle_enable=\"false\" data-particle-mobile-disabled=\"false\" class=\"elementor-section elementor-top-section elementor-element elementor-element-78de7130 elementor-section-boxed elementor-section-height-default elementor-section-height-default\" data-id=\"78de7130\" data-element_type=\"section\">\n\t\t\t\t\t\t\t<div class=\"elementor-background-overlay\"><\/div>\n\t\t\t\t\t\t\t<div class=\"elementor-container elementor-column-gap-no\">\n\t\t\t\t\t<div class=\"elementor-column elementor-col-100 elementor-top-column elementor-element elementor-element-e51d362\" data-id=\"e51d362\" data-element_type=\"column\">\n\t\t\t<div class=\"elementor-widget-wrap elementor-element-populated\">\n\t\t\t\t\t\t<section data-particle_enable=\"false\" data-particle-mobile-disabled=\"false\" class=\"elementor-section elementor-inner-section elementor-element elementor-element-5679fa35 elementor-section-content-middle elementor-section-boxed elementor-section-height-default elementor-section-height-default\" data-id=\"5679fa35\" data-element_type=\"section\">\n\t\t\t\t\t\t<div class=\"elementor-container elementor-column-gap-default\">\n\t\t\t\t\t<div class=\"elementor-column elementor-col-100 elementor-inner-column elementor-element elementor-element-385e6875\" data-id=\"385e6875\" data-element_type=\"column\" data-settings=\"{&quot;background_background&quot;:&quot;classic&quot;}\">\n\t\t\t<div class=\"elementor-widget-wrap elementor-element-populated\">\n\t\t\t\t\t\t<div class=\"elementor-element elementor-element-6d4288eb elementor-widget elementor-widget-heading\" data-id=\"6d4288eb\" data-element_type=\"widget\" data-widget_type=\"heading.default\">\n\t\t\t\t<div class=\"elementor-widget-container\">\n\t\t\t<h4 class=\"elementor-heading-title elementor-size-default\">Veuillez entrer votre mot de passe ci-dessous<br>pour acc\u00e9der \u00e0 l\u2019espace invit\u00e9.\n<\/h4>\t\t<\/div>\n\t\t\t\t<\/div>\n\t\t\t\t\t<\/div>\n\t\t<\/div>\n\t\t\t\t\t<\/div>\n\t\t<\/section>\n\t\t\t\t\t<\/div>\n\t\t<\/div>\n\t\t\t\t\t<\/div>\n\t\t<\/section>\n\t\t\t\t<section data-particle_enable=\"false\" data-particle-mobile-disabled=\"false\" class=\"elementor-section elementor-top-section elementor-element elementor-element-66e69264 elementor-section-boxed elementor-section-height-default elementor-section-height-default\" data-id=\"66e69264\" data-element_type=\"section\" data-settings=\"{&quot;background_background&quot;:&quot;classic&quot;}\">\n\t\t\t\t\t\t<div class=\"elementor-container elementor-column-gap-default\">\n\t\t\t\t\t<div class=\"elementor-column elementor-col-100 elementor-top-column elementor-element elementor-element-504b0f53\" data-id=\"504b0f53\" data-element_type=\"column\">\n\t\t\t<div class=\"elementor-widget-wrap elementor-element-populated\">\n\t\t\t\t\t\t<div class=\"elementor-element elementor-element-32baef7f elementor-widget elementor-widget-tp-protected-content\" data-id=\"32baef7f\" data-element_type=\"widget\" data-widget_type=\"tp-protected-content.default\">\n\t\t\t\t<div class=\"elementor-widget-container\">\n\t\t\t<div class=\"plus_pc_wrapper\"><div class=\"plus_pc_inner_wrap text-center aligncenter\">\t\t<div class=\"theplus-pc-message\">\n\t\t\t\t\t\t\t\t\t\t\t\t\t\t\t\t<div class=\"theplus-pc-message-text\"><p>You do not have permission to view this content.<\/p><\/div>\n\t\t\t\t\t\t\t\t\t\t\t\t<\/div>  \n\t\t<div class=\"theplus-password-pc-fields\"><form class=\"theplus-pc-form\" method=\"post\" action=\"\"><input type=\"password\" name=\"protection_password32baef7f\" class=\"theplus-pc-password\" placeholder=\"Enter your password\"><input type=\"submit\" value=\"Submit\" class=\"theplus-pc-submit\"><input type=\"hidden\" name=\"trp-form-language\" value=\"en\"\/><\/form><\/div><\/div><\/div>\t\t<\/div>\n\t\t\t\t<\/div>\n\t\t\t\t\t<\/div>\n\t\t<\/div>\n\t\t\t\t\t<\/div>\n\t\t<\/section>\n\t\t\t\t<\/div>","protected":false},"excerpt":{"rendered":"<p>Espace invit\u00e9 Veuillez entrer votre mot de passe ci-dessouspour acc\u00e9der \u00e0 l\u2019espace invit\u00e9. Vous n&rsquo;avez pas la permission de voir ce contenu.<\/p>","protected":false},"author":1,"featured_media":0,"parent":0,"menu_order":0,"comment_status":"closed","ping_status":"closed","template":"","meta":{"footnotes":""},"class_list":["post-2718","page","type-page","status-publish","hentry"],"_links":{"self":[{"href":"https:\/\/fondation.wpdev.ch\/en\/wp-json\/wp\/v2\/pages\/2718","targetHints":{"allow":["GET"]}}],"collection":[{"href":"https:\/\/fondation.wpdev.ch\/en\/wp-json\/wp\/v2\/pages"}],"about":[{"href":"https:\/\/fondation.wpdev.ch\/en\/wp-json\/wp\/v2\/types\/page"}],"author":[{"embeddable":true,"href":"https:\/\/fondation.wpdev.ch\/en\/wp-json\/wp\/v2\/users\/1"}],"replies":[{"embeddable":true,"href":"https:\/\/fondation.wpdev.ch\/en\/wp-json\/wp\/v2\/comments?post=2718"}],"version-history":[{"count":14,"href":"https:\/\/fondation.wpdev.ch\/en\/wp-json\/wp\/v2\/pages\/2718\/revisions"}],"predecessor-version":[{"id":2740,"href":"https:\/\/fondation.wpdev.ch\/en\/wp-json\/wp\/v2\/pages\/2718\/revisions\/2740"}],"wp:attachment":[{"href":"https:\/\/fondation.wpdev.ch\/en\/wp-json\/wp\/v2\/media?parent=2718"}],"curies":[{"name":"wp","href":"https:\/\/api.w.org\/{rel}","templated":true}]}}